{"id":41,"date":"2024-02-10T12:29:33","date_gmt":"2024-02-10T18:29:33","guid":{"rendered":"https:\/\/sdggruop.com.mx\/blog\/?page_id=41"},"modified":"2024-02-10T12:29:33","modified_gmt":"2024-02-10T18:29:33","slug":"contacto","status":"publish","type":"page","link":"https:\/\/sdggruop.com.mx\/blog\/contacto\/","title":{"rendered":"Contacto"},"content":{"rendered":"\n<div class=\"wp-block-media-text has-media-on-the-right is-stacked-on-mobile\"><div class=\"wp-block-media-text__content\">\n<p class=\"has-black-color has-text-color has-link-color has-large-font-size wp-elements-fa22b58f775be1e074f6032dbf2bc0cb\"><strong>EMPRESA SDG GRUOP<\/strong><br><\/p>\n\n\n\n<p><a href=\"https:\/\/maps.app.goo.gl\/wuYZQ5Qphon7inNV8\" data-type=\"link\" data-id=\"https:\/\/maps.app.goo.gl\/wuYZQ5Qphon7inNV8\">OFICINA CENTRAL<\/a> Av. Hidalgo 1952 esquina Pablo Villase\u00f1or GDL.<br><br>Tel\u00e9fono <a href=\"https:\/\/api.whatsapp.com\/send?phone=3327305391&amp;text=Hola\" data-type=\"link\" data-id=\"https:\/\/api.whatsapp.com\/send?phone=3327305391&amp;text=Hola\">3327305391<\/a><br><br>Correo electr\u00f3nico sdggruop@gmail.com<br><br>SAT RFC: SGR181223PM8<br><br>RPP: FOLIO MERCANTIL N-2019003842.<\/p>\n\n\n\n<p><br><\/p>\n<\/div><figure class=\"wp-block-media-text__media\"><a href=\"https:\/\/maps.app.goo.gl\/hNQchJspFb8fq78M6\"><img loading=\"lazy\" decoding=\"async\" width=\"571\" height=\"520\" src=\"https:\/\/sdggruop.com.mx\/blog\/wp-content\/uploads\/2024\/02\/oficina.png\" alt=\"\" class=\"wp-image-42 size-full\" srcset=\"https:\/\/sdggruop.com.mx\/blog\/wp-content\/uploads\/2024\/02\/oficina.png 571w, https:\/\/sdggruop.com.mx\/blog\/wp-content\/uploads\/2024\/02\/oficina-300x273.png 300w\" sizes=\"auto, (max-width: 571px) 100vw, 571px\" \/><\/a><\/figure><\/div>\n","protected":false},"excerpt":{"rendered":"<p>EMPRESA SDG GRUOP OFICINA CENTRAL Av. Hidalgo 1952 esquina Pablo Villase\u00f1or GDL. Tel\u00e9fono 3327305391 Correo electr\u00f3nico sdggruop@gmail.com SAT RFC: SGR181223PM8 RPP: FOLIO MERCANTIL N-2019003842.<\/p>\n","protected":false},"author":2,"featured_media":0,"parent":0,"menu_order":0,"comment_status":"closed","ping_status":"closed","template":"","meta":{"footnotes":""},"class_list":["post-41","page","type-page","status-publish","hentry"],"jetpack_sharing_enabled":true,"_links":{"self":[{"href":"https:\/\/sdggruop.com.mx\/blog\/wp-json\/wp\/v2\/pages\/41","targetHints":{"allow":["GET"]}}],"collection":[{"href":"https:\/\/sdggruop.com.mx\/blog\/wp-json\/wp\/v2\/pages"}],"about":[{"href":"https:\/\/sdggruop.com.mx\/blog\/wp-json\/wp\/v2\/types\/page"}],"author":[{"embeddable":true,"href":"https:\/\/sdggruop.com.mx\/blog\/wp-json\/wp\/v2\/users\/2"}],"replies":[{"embeddable":true,"href":"https:\/\/sdggruop.com.mx\/blog\/wp-json\/wp\/v2\/comments?post=41"}],"version-history":[{"count":1,"href":"https:\/\/sdggruop.com.mx\/blog\/wp-json\/wp\/v2\/pages\/41\/revisions"}],"predecessor-version":[{"id":43,"href":"https:\/\/sdggruop.com.mx\/blog\/wp-json\/wp\/v2\/pages\/41\/revisions\/43"}],"wp:attachment":[{"href":"https:\/\/sdggruop.com.mx\/blog\/wp-json\/wp\/v2\/media?parent=41"}],"curies":[{"name":"wp","href":"https:\/\/api.w.org\/{rel}","templated":true}]}}